{"id":72,"date":"2020-12-14T19:12:01","date_gmt":"2020-12-14T18:12:01","guid":{"rendered":"https:\/\/boutique.reprenonslecontrole.fr\/?post_type=product&#038;p=72"},"modified":"2023-12-10T16:27:44","modified_gmt":"2023-12-10T15:27:44","slug":"sac-en-toile-generation-frexit-reprenons-le-controle","status":"publish","type":"product","link":"https:\/\/boutique.reprenonslecontrole.fr\/?product=sac-en-toile-generation-frexit-reprenons-le-controle","title":{"rendered":"Sac &#8211; G\u00e9n\u00e9ration Frexit Reprenons le contr\u00f4le"},"content":{"rendered":"","protected":false},"excerpt":{"rendered":"<div class=\"short-description bloc-product\">\n<p><span id=\"extract\">Sac en toile de coton<br \/>\nImpression logo G\u00e9n\u00e9ration Frexit + Reprenons le contr\u00f4le<br \/>\n<\/span>Caract\u00e9ristiques<br \/>\nDimensions : L 37.5 x Ht 42 cm<br \/>\nPoids : 40 grs<\/p>\n<\/div>\n","protected":false},"featured_media":66,"comment_status":"open","ping_status":"closed","template":"","meta":[],"product_cat":[22],"product_tag":[],"_links":{"self":[{"href":"https:\/\/boutique.reprenonslecontrole.fr\/index.php?rest_route=\/wp\/v2\/product\/72"}],"collection":[{"href":"https:\/\/boutique.reprenonslecontrole.fr\/index.php?rest_route=\/wp\/v2\/product"}],"about":[{"href":"https:\/\/boutique.reprenonslecontrole.fr\/index.php?rest_route=\/wp\/v2\/types\/product"}],"replies":[{"embeddable":true,"href":"https:\/\/boutique.reprenonslecontrole.fr\/index.php?rest_route=%2Fwp%2Fv2%2Fcomments&post=72"}],"version-history":[{"count":5,"href":"https:\/\/boutique.reprenonslecontrole.fr\/index.php?rest_route=\/wp\/v2\/product\/72\/revisions"}],"predecessor-version":[{"id":77,"href":"https:\/\/boutique.reprenonslecontrole.fr\/index.php?rest_route=\/wp\/v2\/product\/72\/revisions\/77"}],"wp:featuredmedia":[{"embeddable":true,"href":"https:\/\/boutique.reprenonslecontrole.fr\/index.php?rest_route=\/wp\/v2\/media\/66"}],"wp:attachment":[{"href":"https:\/\/boutique.reprenonslecontrole.fr\/index.php?rest_route=%2Fwp%2Fv2%2Fmedia&parent=72"}],"wp:term":[{"taxonomy":"product_cat","embeddable":true,"href":"https:\/\/boutique.reprenonslecontrole.fr\/index.php?rest_route=%2Fwp%2Fv2%2Fproduct_cat&post=72"},{"taxonomy":"product_tag","embeddable":true,"href":"https:\/\/boutique.reprenonslecontrole.fr\/index.php?rest_route=%2Fwp%2Fv2%2Fproduct_tag&post=72"}],"curies":[{"name":"wp","href":"https:\/\/api.w.org\/{rel}","templated":true}]}}