{"id":681,"date":"2024-09-19T11:14:17","date_gmt":"2024-09-19T09:14:17","guid":{"rendered":"https:\/\/boutique.reprenonslecontrole.fr\/?post_type=product&#038;p=681"},"modified":"2024-09-19T11:17:31","modified_gmt":"2024-09-19T09:17:31","slug":"repas-cote-mer-samedi-19-octobre-2024","status":"publish","type":"product","link":"https:\/\/boutique.reprenonslecontrole.fr\/?product=repas-cote-mer-samedi-19-octobre-2024","title":{"rendered":"REPAS C\u00d4T\u00c9 MER- SAMEDI 19 OCTOBRE 2024"},"content":{"rendered":"<p>A l&rsquo;occasion de la rentr\u00e9e politique de RLC ! le samedi 19 octobre, nous vous proposons le choix entre 2 menus<\/p>\n<p>C\u00f4t\u00e9 Terre ou C\u00f4t\u00e9 Mer<br \/>\nVous venez de s\u00e9lectionner le menu C\u00f4t\u00e9 Mer:<\/p>\n<p style=\"text-align: center;\"><b>SALADE DE CH\u00c8VRE CHAUD<\/b><\/p>\n<p style=\"text-align: center;\"><b>***<\/b><\/p>\n<p style=\"text-align: center;\"><b>PAV<\/b><b>\u00c9<\/b><b> DE TRUITE\/PUR<\/b><b>\u00c9<\/b><b>E DE PATATE DOUCE<\/b><\/p>\n<p style=\"text-align: center;\"><b>***<\/b><\/p>\n<p style=\"text-align: center;\"><b>MOUSSE AU CHOCOLAT<\/b><\/p>\n<p style=\"text-align: center;\"><b>***<\/b><\/p>\n<p style=\"text-align: center;\"><b>VERRE DE VIN OU 1\/2 BIERE BLONDE\u00a0 <\/b><b>OU UN SOFT<\/b><\/p>\n<p>&nbsp;<\/p>\n<p>&nbsp;<\/p>\n","protected":false},"excerpt":{"rendered":"<p>A l&rsquo;occasion de la rentr\u00e9e politique de RLC ! le samedi 19 octobre, nous vous proposons le choix entre 2 menus C\u00f4t\u00e9 Terre ou C\u00f4t\u00e9 Mer Vous venez de s\u00e9lectionner le menu C\u00f4t\u00e9 Mer: SALADE DE CH\u00c8VRE CHAUD *** PAV\u00c9 DE TRUITE\/PUR\u00c9E DE PATATE DOUCE *** MOUSSE AU CHOCOLAT *** VERRE DE VIN OU 1\/2 [&hellip;]<\/p>\n","protected":false},"featured_media":676,"comment_status":"open","ping_status":"closed","template":"","meta":[],"product_cat":[34],"product_tag":[],"_links":{"self":[{"href":"https:\/\/boutique.reprenonslecontrole.fr\/index.php?rest_route=\/wp\/v2\/product\/681"}],"collection":[{"href":"https:\/\/boutique.reprenonslecontrole.fr\/index.php?rest_route=\/wp\/v2\/product"}],"about":[{"href":"https:\/\/boutique.reprenonslecontrole.fr\/index.php?rest_route=\/wp\/v2\/types\/product"}],"replies":[{"embeddable":true,"href":"https:\/\/boutique.reprenonslecontrole.fr\/index.php?rest_route=%2Fwp%2Fv2%2Fcomments&post=681"}],"version-history":[{"count":1,"href":"https:\/\/boutique.reprenonslecontrole.fr\/index.php?rest_route=\/wp\/v2\/product\/681\/revisions"}],"predecessor-version":[{"id":682,"href":"https:\/\/boutique.reprenonslecontrole.fr\/index.php?rest_route=\/wp\/v2\/product\/681\/revisions\/682"}],"wp:featuredmedia":[{"embeddable":true,"href":"https:\/\/boutique.reprenonslecontrole.fr\/index.php?rest_route=\/wp\/v2\/media\/676"}],"wp:attachment":[{"href":"https:\/\/boutique.reprenonslecontrole.fr\/index.php?rest_route=%2Fwp%2Fv2%2Fmedia&parent=681"}],"wp:term":[{"taxonomy":"product_cat","embeddable":true,"href":"https:\/\/boutique.reprenonslecontrole.fr\/index.php?rest_route=%2Fwp%2Fv2%2Fproduct_cat&post=681"},{"taxonomy":"product_tag","embeddable":true,"href":"https:\/\/boutique.reprenonslecontrole.fr\/index.php?rest_route=%2Fwp%2Fv2%2Fproduct_tag&post=681"}],"curies":[{"name":"wp","href":"https:\/\/api.w.org\/{rel}","templated":true}]}}