{"id":675,"date":"2024-09-19T10:41:13","date_gmt":"2024-09-19T08:41:13","guid":{"rendered":"https:\/\/boutique.reprenonslecontrole.fr\/?post_type=product&#038;p=675"},"modified":"2024-09-19T17:05:48","modified_gmt":"2024-09-19T15:05:48","slug":"repas-cote-terre-samedi-19-octobre-2024","status":"publish","type":"product","link":"https:\/\/boutique.reprenonslecontrole.fr\/?product=repas-cote-terre-samedi-19-octobre-2024","title":{"rendered":"REPAS C\u00d4T\u00c9 TERRE &#8211; SAMEDI 19 OCTOBRE 2024"},"content":{"rendered":"<p>A l&rsquo;occasion de la rentr\u00e9e politique de RLC ! le samedi 19 octobre, nous vous proposons le choix entre 2 menus<\/p>\n<p>C\u00f4t\u00e9 Terre ou C\u00f4t\u00e9 Mer<br \/>\nVous venez de s\u00e9lectionner le menu C\u00f4t\u00e9 Terre :<\/p>\n<p style=\"text-align: center;\"><b>SAMOUSSAS DE POULET<\/b><\/p>\n<p style=\"text-align: center;\"><b>***<\/b><\/p>\n<p style=\"text-align: center;\"><b>BAVETTE SAUCE B<\/b><b>\u00c9<\/b><b>ARNAISE\/FRITES<\/b><\/p>\n<p style=\"text-align: center;\"><b>***<\/b><\/p>\n<p style=\"text-align: center;\"><b>PANNA COTTA<\/b><\/p>\n<p style=\"text-align: center;\"><b>***<\/b><\/p>\n<p style=\"text-align: center;\"><b>VERRE DE VIN OU 1\/2 BIERE BLONDE <\/b><b>OU UN SOFT<\/b><\/p>\n<p>&nbsp;<\/p>\n","protected":false},"excerpt":{"rendered":"<p>A l&rsquo;occasion de la rentr\u00e9e politique de RLC ! le samedi 19 octobre, nous vous proposons le choix entre 2 menus C\u00f4t\u00e9 Terre ou C\u00f4t\u00e9 Mer Vous venez de s\u00e9lectionner le menu C\u00f4t\u00e9 Terre : SAMOUSSAS DE POULET *** BAVETTE SAUCE B\u00c9ARNAISE\/FRITES *** PANNA COTTA *** VERRE DE VIN OU 1\/2 BIERE BLONDE OU UN [&hellip;]<\/p>\n","protected":false},"featured_media":677,"comment_status":"open","ping_status":"closed","template":"","meta":[],"product_cat":[34],"product_tag":[],"_links":{"self":[{"href":"https:\/\/boutique.reprenonslecontrole.fr\/index.php?rest_route=\/wp\/v2\/product\/675"}],"collection":[{"href":"https:\/\/boutique.reprenonslecontrole.fr\/index.php?rest_route=\/wp\/v2\/product"}],"about":[{"href":"https:\/\/boutique.reprenonslecontrole.fr\/index.php?rest_route=\/wp\/v2\/types\/product"}],"replies":[{"embeddable":true,"href":"https:\/\/boutique.reprenonslecontrole.fr\/index.php?rest_route=%2Fwp%2Fv2%2Fcomments&post=675"}],"version-history":[{"count":3,"href":"https:\/\/boutique.reprenonslecontrole.fr\/index.php?rest_route=\/wp\/v2\/product\/675\/revisions"}],"predecessor-version":[{"id":689,"href":"https:\/\/boutique.reprenonslecontrole.fr\/index.php?rest_route=\/wp\/v2\/product\/675\/revisions\/689"}],"wp:featuredmedia":[{"embeddable":true,"href":"https:\/\/boutique.reprenonslecontrole.fr\/index.php?rest_route=\/wp\/v2\/media\/677"}],"wp:attachment":[{"href":"https:\/\/boutique.reprenonslecontrole.fr\/index.php?rest_route=%2Fwp%2Fv2%2Fmedia&parent=675"}],"wp:term":[{"taxonomy":"product_cat","embeddable":true,"href":"https:\/\/boutique.reprenonslecontrole.fr\/index.php?rest_route=%2Fwp%2Fv2%2Fproduct_cat&post=675"},{"taxonomy":"product_tag","embeddable":true,"href":"https:\/\/boutique.reprenonslecontrole.fr\/index.php?rest_route=%2Fwp%2Fv2%2Fproduct_tag&post=675"}],"curies":[{"name":"wp","href":"https:\/\/api.w.org\/{rel}","templated":true}]}}