{"id":590,"date":"2024-03-11T19:36:18","date_gmt":"2024-03-11T18:36:18","guid":{"rendered":"https:\/\/boutique.reprenonslecontrole.fr\/?post_type=product&#038;p=590"},"modified":"2024-03-12T14:49:07","modified_gmt":"2024-03-12T13:49:07","slug":"leuro-piege-mortel-hommage-a-vincent-brousseau","status":"publish","type":"product","link":"https:\/\/boutique.reprenonslecontrole.fr\/?product=leuro-piege-mortel-hommage-a-vincent-brousseau","title":{"rendered":"L&rsquo;Euro, pi\u00e8ge mortel &#8211; Hommage \u00e0 Vincent Brousseau \u00e9crit par Jean-Baptiste Villemur"},"content":{"rendered":"<p>Jean-Baptiste Villemur a r\u00e9dig\u00e9 un hommage \u00e0 Vincent Brousseau : <strong>L&rsquo;euro, pi\u00e8ge mortel<\/strong><\/p>\n<p>Il y a maintenant trois ans que Vincent Brousseau nous a quitt\u00e9s. C\u2019\u00e9tait un homme extraordinaire. Pour ceux qui ne le connaissaient pas, Vincent Brousseau \u00e9tait un expert incontest\u00e9 de l\u2019euro avec pr\u00e8s de quinze ann\u00e9es pass\u00e9es \u00e0 la Banque centrale europ\u00e9enne.<br \/>\nCe livre est un hommage \u00e0 sa pens\u00e9e et \u00e0 ses apports th\u00e9oriques concernant l\u2019euro, en particulier le vice inh\u00e9rent \u00e0 celui-ci que sont les soldes Target.<br \/>\nPar une ironie du sort, c\u2019est son exp\u00e9rience professionnelle \u00e0 la BCE qui lui a fait comprendre que tant l\u2019UE que l\u2019euro ne pourraient jamais fonctionner. Une sorte de preuve par les faits.<br \/>\nIl se battait pour des id\u00e9es et non pour sa personne. Il ne poursuivait aucune ambition personnelle. Il a toujours fait ce qui lui semblait le plus juste.<br \/>\nLe plus bel hommage que l\u2019on puisse rendre \u00e0 Vincent Brousseau est de continuer, et de remporter, le combat pour la France.<\/p>\n<p>Pr\u00e9face de Charles-Henri Gallois<\/p>\n","protected":false},"excerpt":{"rendered":"<p>Jean-Baptiste Villemur a r\u00e9dig\u00e9 un hommage \u00e0 Vincent Brousseau : <strong>L&rsquo;euro, pi\u00e8ge mortel<\/strong><\/p>\n<p>Il y a maintenant trois ans que Vincent Brousseau nous a quitt\u00e9s. C\u2019\u00e9tait un homme extraordinaire. Pour ceux qui ne le connaissaient pas, Vincent Brousseau \u00e9tait un expert incontest\u00e9 de l\u2019euro avec pr\u00e8s de quinze ann\u00e9es pass\u00e9es \u00e0 la Banque centrale europ\u00e9enne.<br \/>\nCe livre est un hommage \u00e0 sa pens\u00e9e et \u00e0 ses apports th\u00e9oriques concernant l\u2019euro, en particulier le vice inh\u00e9rent \u00e0 celui-ci que sont les soldes Target.<br \/>\nPar une ironie du sort, c\u2019est son exp\u00e9rience professionnelle \u00e0 la BCE qui lui a fait comprendre que tant l\u2019UE que l\u2019euro ne pourraient jamais fonctionner. Une sorte de preuve par les faits.<br \/>\nIl se battait pour des id\u00e9es et non pour sa personne. Il ne poursuivait aucune ambition personnelle. Il a toujours fait ce qui lui semblait le plus juste.<br \/>\nLe plus bel hommage que l\u2019on puisse rendre \u00e0 Vincent Brousseau est de continuer, et de remporter, le combat pour la France.<\/p>\n<p>Pr\u00e9face de Charles-Henri Gallois<\/p>\n","protected":false},"featured_media":593,"comment_status":"open","ping_status":"closed","template":"","meta":[],"product_cat":[17],"product_tag":[],"_links":{"self":[{"href":"https:\/\/boutique.reprenonslecontrole.fr\/index.php?rest_route=\/wp\/v2\/product\/590"}],"collection":[{"href":"https:\/\/boutique.reprenonslecontrole.fr\/index.php?rest_route=\/wp\/v2\/product"}],"about":[{"href":"https:\/\/boutique.reprenonslecontrole.fr\/index.php?rest_route=\/wp\/v2\/types\/product"}],"replies":[{"embeddable":true,"href":"https:\/\/boutique.reprenonslecontrole.fr\/index.php?rest_route=%2Fwp%2Fv2%2Fcomments&post=590"}],"version-history":[{"count":5,"href":"https:\/\/boutique.reprenonslecontrole.fr\/index.php?rest_route=\/wp\/v2\/product\/590\/revisions"}],"predecessor-version":[{"id":602,"href":"https:\/\/boutique.reprenonslecontrole.fr\/index.php?rest_route=\/wp\/v2\/product\/590\/revisions\/602"}],"wp:featuredmedia":[{"embeddable":true,"href":"https:\/\/boutique.reprenonslecontrole.fr\/index.php?rest_route=\/wp\/v2\/media\/593"}],"wp:attachment":[{"href":"https:\/\/boutique.reprenonslecontrole.fr\/index.php?rest_route=%2Fwp%2Fv2%2Fmedia&parent=590"}],"wp:term":[{"taxonomy":"product_cat","embeddable":true,"href":"https:\/\/boutique.reprenonslecontrole.fr\/index.php?rest_route=%2Fwp%2Fv2%2Fproduct_cat&post=590"},{"taxonomy":"product_tag","embeddable":true,"href":"https:\/\/boutique.reprenonslecontrole.fr\/index.php?rest_route=%2Fwp%2Fv2%2Fproduct_tag&post=590"}],"curies":[{"name":"wp","href":"https:\/\/api.w.org\/{rel}","templated":true}]}}