{"id":58,"date":"2020-12-14T10:47:02","date_gmt":"2020-12-14T09:47:02","guid":{"rendered":"https:\/\/boutique.reprenonslecontrole.fr\/?post_type=product&#038;p=58"},"modified":"2023-12-10T16:27:44","modified_gmt":"2023-12-10T15:27:44","slug":"badge-noir-o-45mm-generation-frexit","status":"publish","type":"product","link":"https:\/\/boutique.reprenonslecontrole.fr\/?product=badge-noir-o-45mm-generation-frexit","title":{"rendered":"Badge noir \u00d8 45mm G\u00e9n\u00e9ration Frexit"},"content":{"rendered":"","protected":false},"excerpt":{"rendered":"<p>Badge noir G\u00e9n\u00e9ration Frexit<\/p>\n<p>Diam\u00e8tre 45mm<\/p>\n","protected":false},"featured_media":61,"comment_status":"open","ping_status":"closed","template":"","meta":[],"product_cat":[29,20],"product_tag":[],"_links":{"self":[{"href":"https:\/\/boutique.reprenonslecontrole.fr\/index.php?rest_route=\/wp\/v2\/product\/58"}],"collection":[{"href":"https:\/\/boutique.reprenonslecontrole.fr\/index.php?rest_route=\/wp\/v2\/product"}],"about":[{"href":"https:\/\/boutique.reprenonslecontrole.fr\/index.php?rest_route=\/wp\/v2\/types\/product"}],"replies":[{"embeddable":true,"href":"https:\/\/boutique.reprenonslecontrole.fr\/index.php?rest_route=%2Fwp%2Fv2%2Fcomments&post=58"}],"version-history":[{"count":1,"href":"https:\/\/boutique.reprenonslecontrole.fr\/index.php?rest_route=\/wp\/v2\/product\/58\/revisions"}],"predecessor-version":[{"id":62,"href":"https:\/\/boutique.reprenonslecontrole.fr\/index.php?rest_route=\/wp\/v2\/product\/58\/revisions\/62"}],"wp:featuredmedia":[{"embeddable":true,"href":"https:\/\/boutique.reprenonslecontrole.fr\/index.php?rest_route=\/wp\/v2\/media\/61"}],"wp:attachment":[{"href":"https:\/\/boutique.reprenonslecontrole.fr\/index.php?rest_route=%2Fwp%2Fv2%2Fmedia&parent=58"}],"wp:term":[{"taxonomy":"product_cat","embeddable":true,"href":"https:\/\/boutique.reprenonslecontrole.fr\/index.php?rest_route=%2Fwp%2Fv2%2Fproduct_cat&post=58"},{"taxonomy":"product_tag","embeddable":true,"href":"https:\/\/boutique.reprenonslecontrole.fr\/index.php?rest_route=%2Fwp%2Fv2%2Fproduct_tag&post=58"}],"curies":[{"name":"wp","href":"https:\/\/api.w.org\/{rel}","templated":true}]}}