{"id":546,"date":"2024-01-29T12:40:31","date_gmt":"2024-01-29T11:40:31","guid":{"rendered":"https:\/\/boutique.reprenonslecontrole.fr\/?post_type=product&#038;p=546"},"modified":"2024-01-29T22:09:21","modified_gmt":"2024-01-29T21:09:21","slug":"promotion-congres-2024","status":"publish","type":"product","link":"https:\/\/boutique.reprenonslecontrole.fr\/?product=promotion-congres-2024","title":{"rendered":"PROMOTION CONGRES 2024 &#8211; Frais de port offerts"},"content":{"rendered":"<p>A l&rsquo;occasion du Congr\u00e8s de G\u00e9n\u00e9ration Frexit qui se tiendra le <strong>samedi 6 avril 2024<\/strong>, la boutique de GF vous propose les 2 livres de Charles-Henri Gallois :<\/p>\n<p><strong>\u00a0&#8211; LES ILLUSIONS ECONOMIQUES DE L&rsquo;UNION EUROPEENNE<br \/>\n<\/strong><strong>\u00a0&#8211; NOS GRANDS DEFIS DU XXIe SIECLE &#8211; ENERGIE ET IMMIGRATION<\/strong><\/p>\n<p>En cadeau un sac en toile d&rsquo;une valeur de 5\u20ac<br \/>\nFrais de port de 8\u20ac offerts<\/p>\n","protected":false},"excerpt":{"rendered":"<p>A l&rsquo;occasion du Congr\u00e8s de G\u00e9n\u00e9ration Frexit qui se tiendra le <strong>samedi 6 avril 2024<\/strong>, la boutique de GF vous propose les 2 livres de Charles-Henri Gallois :<\/p>\n<p><strong>\u00a0&#8211; LES ILLUSIONS ECONOMIQUES DE L&rsquo;UNION EUROPEENNE<br \/>\n<\/strong><strong>\u00a0&#8211; NOS GRANDS DEFIS DU XXIe SIECLE &#8211; ENERGIE ET IMMIGRATION<\/strong><\/p>\n<p>En cadeau un sac en toile d&rsquo;une valeur de 5\u20ac<br \/>\nFrais de port de 8\u20ac offerts<\/p>\n","protected":false},"featured_media":547,"comment_status":"open","ping_status":"closed","template":"","meta":[],"product_cat":[34],"product_tag":[],"_links":{"self":[{"href":"https:\/\/boutique.reprenonslecontrole.fr\/index.php?rest_route=\/wp\/v2\/product\/546"}],"collection":[{"href":"https:\/\/boutique.reprenonslecontrole.fr\/index.php?rest_route=\/wp\/v2\/product"}],"about":[{"href":"https:\/\/boutique.reprenonslecontrole.fr\/index.php?rest_route=\/wp\/v2\/types\/product"}],"replies":[{"embeddable":true,"href":"https:\/\/boutique.reprenonslecontrole.fr\/index.php?rest_route=%2Fwp%2Fv2%2Fcomments&post=546"}],"version-history":[{"count":6,"href":"https:\/\/boutique.reprenonslecontrole.fr\/index.php?rest_route=\/wp\/v2\/product\/546\/revisions"}],"predecessor-version":[{"id":572,"href":"https:\/\/boutique.reprenonslecontrole.fr\/index.php?rest_route=\/wp\/v2\/product\/546\/revisions\/572"}],"wp:featuredmedia":[{"embeddable":true,"href":"https:\/\/boutique.reprenonslecontrole.fr\/index.php?rest_route=\/wp\/v2\/media\/547"}],"wp:attachment":[{"href":"https:\/\/boutique.reprenonslecontrole.fr\/index.php?rest_route=%2Fwp%2Fv2%2Fmedia&parent=546"}],"wp:term":[{"taxonomy":"product_cat","embeddable":true,"href":"https:\/\/boutique.reprenonslecontrole.fr\/index.php?rest_route=%2Fwp%2Fv2%2Fproduct_cat&post=546"},{"taxonomy":"product_tag","embeddable":true,"href":"https:\/\/boutique.reprenonslecontrole.fr\/index.php?rest_route=%2Fwp%2Fv2%2Fproduct_tag&post=546"}],"curies":[{"name":"wp","href":"https:\/\/api.w.org\/{rel}","templated":true}]}}