{"id":458,"date":"2021-11-19T12:44:02","date_gmt":"2021-11-19T11:44:02","guid":{"rendered":"https:\/\/boutique.reprenonslecontrole.fr\/?post_type=product&#038;p=458"},"modified":"2023-12-10T16:29:45","modified_gmt":"2023-12-10T15:29:45","slug":"drapeau-generation-frexit-et-son-mat-telescopique","status":"publish","type":"product","link":"https:\/\/boutique.reprenonslecontrole.fr\/?product=drapeau-generation-frexit-et-son-mat-telescopique","title":{"rendered":"Drapeau G\u00e9n\u00e9ration Frexit et son m\u00e2t t\u00e9lescopique"},"content":{"rendered":"<p>Drapeau impression une face <strong>G\u00e9n\u00e9ration Frexit\/REPRENONS LE CONTR\u00d4LE<\/strong> (100cm X 70 cm)<br \/>\nLivr\u00e9 avec un m\u00e2t t\u00e9lescopique 2m<\/p>\n","protected":false},"excerpt":{"rendered":"<p>Drapeau impression une face <strong>G\u00e9n\u00e9ration Frexit\/REPRENONS LE CONTR\u00d4LE<\/strong> (100cm X 70 cm)<br \/>\nLivr\u00e9 avec un m\u00e2t t\u00e9lescopique 2m<\/p>\n","protected":false},"featured_media":459,"comment_status":"open","ping_status":"closed","template":"","meta":[],"product_cat":[29,35],"product_tag":[],"_links":{"self":[{"href":"https:\/\/boutique.reprenonslecontrole.fr\/index.php?rest_route=\/wp\/v2\/product\/458"}],"collection":[{"href":"https:\/\/boutique.reprenonslecontrole.fr\/index.php?rest_route=\/wp\/v2\/product"}],"about":[{"href":"https:\/\/boutique.reprenonslecontrole.fr\/index.php?rest_route=\/wp\/v2\/types\/product"}],"replies":[{"embeddable":true,"href":"https:\/\/boutique.reprenonslecontrole.fr\/index.php?rest_route=%2Fwp%2Fv2%2Fcomments&post=458"}],"version-history":[{"count":1,"href":"https:\/\/boutique.reprenonslecontrole.fr\/index.php?rest_route=\/wp\/v2\/product\/458\/revisions"}],"predecessor-version":[{"id":460,"href":"https:\/\/boutique.reprenonslecontrole.fr\/index.php?rest_route=\/wp\/v2\/product\/458\/revisions\/460"}],"wp:featuredmedia":[{"embeddable":true,"href":"https:\/\/boutique.reprenonslecontrole.fr\/index.php?rest_route=\/wp\/v2\/media\/459"}],"wp:attachment":[{"href":"https:\/\/boutique.reprenonslecontrole.fr\/index.php?rest_route=%2Fwp%2Fv2%2Fmedia&parent=458"}],"wp:term":[{"taxonomy":"product_cat","embeddable":true,"href":"https:\/\/boutique.reprenonslecontrole.fr\/index.php?rest_route=%2Fwp%2Fv2%2Fproduct_cat&post=458"},{"taxonomy":"product_tag","embeddable":true,"href":"https:\/\/boutique.reprenonslecontrole.fr\/index.php?rest_route=%2Fwp%2Fv2%2Fproduct_tag&post=458"}],"curies":[{"name":"wp","href":"https:\/\/api.w.org\/{rel}","templated":true}]}}