{"id":418,"date":"2021-10-30T16:55:29","date_gmt":"2021-10-30T14:55:29","guid":{"rendered":"https:\/\/boutique.reprenonslecontrole.fr\/?post_type=product&#038;p=418"},"modified":"2023-12-10T16:27:43","modified_gmt":"2023-12-10T15:27:43","slug":"lanyard-tour-de-cou","status":"publish","type":"product","link":"https:\/\/boutique.reprenonslecontrole.fr\/?product=lanyard-tour-de-cou","title":{"rendered":"Lanyard (tour de cou)"},"content":{"rendered":"<p>Lanyard (tour de cou) \u00e9quip\u00e9 d&rsquo;une boucle de s\u00e9curit\u00e9<br \/>\nFourniture d&rsquo;un porte badge<\/p>\n<p>Imprim\u00e9 Logo + slogan REPRENONS LE CONTR\u00d4LE<\/p>\n<p><em>Photo non contractuelle. Produit en cours de fabrication.<\/em><br \/>\n<em>Le lanyard sera blanc et les impressions bleues.<\/em><\/p>\n","protected":false},"excerpt":{"rendered":"<p>Lanyard (tour de cou) \u00e9quip\u00e9 d&rsquo;une boucle de s\u00e9curit\u00e9<br \/>\nFourniture d&rsquo;un porte badge<\/p>\n<p>Imprim\u00e9 Logo + slogan REPRENONS LE CONTR\u00d4LE<\/p>\n<p><em>Photo non contractuelle. Produit en cours de fabrication.<\/em><br \/>\n<em>Le lanyard sera blanc et les impressions bleues.<\/em><\/p>\n","protected":false},"featured_media":419,"comment_status":"open","ping_status":"closed","template":"","meta":[],"product_cat":[29,20,33],"product_tag":[],"_links":{"self":[{"href":"https:\/\/boutique.reprenonslecontrole.fr\/index.php?rest_route=\/wp\/v2\/product\/418"}],"collection":[{"href":"https:\/\/boutique.reprenonslecontrole.fr\/index.php?rest_route=\/wp\/v2\/product"}],"about":[{"href":"https:\/\/boutique.reprenonslecontrole.fr\/index.php?rest_route=\/wp\/v2\/types\/product"}],"replies":[{"embeddable":true,"href":"https:\/\/boutique.reprenonslecontrole.fr\/index.php?rest_route=%2Fwp%2Fv2%2Fcomments&post=418"}],"version-history":[{"count":1,"href":"https:\/\/boutique.reprenonslecontrole.fr\/index.php?rest_route=\/wp\/v2\/product\/418\/revisions"}],"predecessor-version":[{"id":420,"href":"https:\/\/boutique.reprenonslecontrole.fr\/index.php?rest_route=\/wp\/v2\/product\/418\/revisions\/420"}],"wp:featuredmedia":[{"embeddable":true,"href":"https:\/\/boutique.reprenonslecontrole.fr\/index.php?rest_route=\/wp\/v2\/media\/419"}],"wp:attachment":[{"href":"https:\/\/boutique.reprenonslecontrole.fr\/index.php?rest_route=%2Fwp%2Fv2%2Fmedia&parent=418"}],"wp:term":[{"taxonomy":"product_cat","embeddable":true,"href":"https:\/\/boutique.reprenonslecontrole.fr\/index.php?rest_route=%2Fwp%2Fv2%2Fproduct_cat&post=418"},{"taxonomy":"product_tag","embeddable":true,"href":"https:\/\/boutique.reprenonslecontrole.fr\/index.php?rest_route=%2Fwp%2Fv2%2Fproduct_tag&post=418"}],"curies":[{"name":"wp","href":"https:\/\/api.w.org\/{rel}","templated":true}]}}